{"id":5192,"date":"2023-04-13T14:08:27","date_gmt":"2023-04-13T18:08:27","guid":{"rendered":"https:\/\/ridha.wpenginepowered.com\/produit\/desodorisante-poudre\/"},"modified":"2024-11-11T15:54:09","modified_gmt":"2024-11-11T20:54:09","slug":"desodorisante-poudre","status":"publish","type":"product","link":"https:\/\/ridhacosmetiques.dev.roussiale.com\/en\/product\/desodorisante-poudre\/","title":{"rendered":"D\u00c9SODORISANTE &#8211; DEODORANT POWDER"},"content":{"rendered":"<p>Composed of ultra-fine powders and natural salts, the D\u00c9SODORISANTE &#8211; Deodorant Powder durably absorbs the humidity of the feet. Enriched with peppermint and pine extracts, it fights perspiration and eliminates odors.<\/p>\n","protected":false},"excerpt":{"rendered":"<p>Composed of ultra-fine powders and natural salts, the D\u00c9SODORISANTE &#8211; Deodorant Powder durably absorbs the humidity of the feet. Enriched with peppermint and pine extracts, it fights perspiration and eliminates odors.<\/p>\n","protected":false},"featured_media":4959,"comment_status":"open","ping_status":"closed","template":"","meta":{"_acf_changed":false},"product_brand":[],"product_cat":[64],"product_tag":[],"class_list":{"0":"post-5192","1":"product","2":"type-product","3":"status-publish","4":"has-post-thumbnail","6":"product_cat-pedicure-manucure","7":"pa_format-100-g-3-53-oz-en-2","8":"pa_types-produits-pedicure-pedicure-en","10":"first","11":"instock","12":"taxable","13":"shipping-taxable","14":"purchasable","15":"product-type-variable","16":"has-default-attributes"},"acf":[],"yoast_head":"<!-- This site is optimized with the Yoast SEO plugin v26.6 - https:\/\/yoast.com\/wordpress\/plugins\/seo\/ -->\n<title>D\u00c9SODORISANTE - DEODORANT POWDER - Ridha Cosm\u00e9tiques<\/title>\n<meta name=\"robots\" content=\"index, follow, max-snippet:-1, max-image-preview:large, max-video-preview:-1\" \/>\n<link rel=\"canonical\" href=\"https:\/\/ridhacosmetiques.dev.roussiale.com\/en\/product\/desodorisante-poudre\/\" \/>\n<meta property=\"og:locale\" content=\"en_US\" \/>\n<meta property=\"og:type\" content=\"article\" \/>\n<meta property=\"og:title\" content=\"D\u00c9SODORISANTE - DEODORANT POWDER - Ridha Cosm\u00e9tiques\" \/>\n<meta property=\"og:description\" content=\"Composed of ultra-fine powders and natural salts, the D\u00c9SODORISANTE - Deodorant Powder durably absorbs the humidity of the feet. Enriched with peppermint and pine extracts, it fights perspiration and eliminates odors.\" \/>\n<meta property=\"og:url\" content=\"https:\/\/ridhacosmetiques.dev.roussiale.com\/en\/product\/desodorisante-poudre\/\" \/>\n<meta property=\"og:site_name\" content=\"Ridha Cosm\u00e9tiques\" \/>\n<meta property=\"article:modified_time\" content=\"2024-11-11T20:54:09+00:00\" \/>\n<meta property=\"og:image\" content=\"https:\/\/ridhacosmetiques.dev.roussiale.com\/wp-content\/uploads\/2023\/03\/M-100g-Bottle-Desodorisante-Powder-High.jpg\" \/>\n\t<meta property=\"og:image:width\" content=\"1920\" \/>\n\t<meta property=\"og:image:height\" content=\"1920\" \/>\n\t<meta property=\"og:image:type\" content=\"image\/jpeg\" \/>\n<meta name=\"twitter:card\" content=\"summary_large_image\" \/>\n<meta name=\"twitter:label1\" content=\"Est. reading time\" \/>\n\t<meta name=\"twitter:data1\" content=\"1 minute\" \/>\n<script type=\"application\/ld+json\" class=\"yoast-schema-graph\">{\"@context\":\"https:\/\/schema.org\",\"@graph\":[{\"@type\":\"WebPage\",\"@id\":\"https:\/\/ridhacosmetiques.dev.roussiale.com\/en\/product\/desodorisante-poudre\/\",\"url\":\"https:\/\/ridhacosmetiques.dev.roussiale.com\/en\/product\/desodorisante-poudre\/\",\"name\":\"D\u00c9SODORISANTE - DEODORANT POWDER - Ridha Cosm\u00e9tiques\",\"isPartOf\":{\"@id\":\"https:\/\/ridhacosmetiques.dev.roussiale.com\/en\/#website\"},\"primaryImageOfPage\":{\"@id\":\"https:\/\/ridhacosmetiques.dev.roussiale.com\/en\/product\/desodorisante-poudre\/#primaryimage\"},\"image\":{\"@id\":\"https:\/\/ridhacosmetiques.dev.roussiale.com\/en\/product\/desodorisante-poudre\/#primaryimage\"},\"thumbnailUrl\":\"https:\/\/ridhacosmetiques.dev.roussiale.com\/wp-content\/uploads\/2023\/03\/M-100g-Bottle-Desodorisante-Powder-High.jpg\",\"datePublished\":\"2023-04-13T18:08:27+00:00\",\"dateModified\":\"2024-11-11T20:54:09+00:00\",\"breadcrumb\":{\"@id\":\"https:\/\/ridhacosmetiques.dev.roussiale.com\/en\/product\/desodorisante-poudre\/#breadcrumb\"},\"inLanguage\":\"en-CA\",\"potentialAction\":[{\"@type\":\"ReadAction\",\"target\":[\"https:\/\/ridhacosmetiques.dev.roussiale.com\/en\/product\/desodorisante-poudre\/\"]}]},{\"@type\":\"ImageObject\",\"inLanguage\":\"en-CA\",\"@id\":\"https:\/\/ridhacosmetiques.dev.roussiale.com\/en\/product\/desodorisante-poudre\/#primaryimage\",\"url\":\"https:\/\/ridhacosmetiques.dev.roussiale.com\/wp-content\/uploads\/2023\/03\/M-100g-Bottle-Desodorisante-Powder-High.jpg\",\"contentUrl\":\"https:\/\/ridhacosmetiques.dev.roussiale.com\/wp-content\/uploads\/2023\/03\/M-100g-Bottle-Desodorisante-Powder-High.jpg\",\"width\":1920,\"height\":1920},{\"@type\":\"BreadcrumbList\",\"@id\":\"https:\/\/ridhacosmetiques.dev.roussiale.com\/en\/product\/desodorisante-poudre\/#breadcrumb\",\"itemListElement\":[{\"@type\":\"ListItem\",\"position\":1,\"name\":\"Ridha Cosm\u00e9tiques\",\"item\":\"https:\/\/ridhacosmetiques.dev.roussiale.com\/en\/\"},{\"@type\":\"ListItem\",\"position\":2,\"name\":\"Pro shop\",\"item\":\"https:\/\/ridhacosmetiques.dev.roussiale.com\/en\/pro-shop\/\"},{\"@type\":\"ListItem\",\"position\":3,\"name\":\"Pedicure and manucure\",\"item\":\"https:\/\/ridhacosmetiques.dev.roussiale.com\/en\/products\/pedicure-manucure\/\"},{\"@type\":\"ListItem\",\"position\":4,\"name\":\"D\u00c9SODORISANTE &#8211; DEODORANT POWDER\"}]},{\"@type\":\"WebSite\",\"@id\":\"https:\/\/ridhacosmetiques.dev.roussiale.com\/en\/#website\",\"url\":\"https:\/\/ridhacosmetiques.dev.roussiale.com\/en\/\",\"name\":\"Ridha Cosm\u00e9tiques\",\"description\":\"\",\"publisher\":{\"@id\":\"https:\/\/ridhacosmetiques.dev.roussiale.com\/en\/#organization\"},\"potentialAction\":[{\"@type\":\"SearchAction\",\"target\":{\"@type\":\"EntryPoint\",\"urlTemplate\":\"https:\/\/ridhacosmetiques.dev.roussiale.com\/en\/?s={search_term_string}\"},\"query-input\":{\"@type\":\"PropertyValueSpecification\",\"valueRequired\":true,\"valueName\":\"search_term_string\"}}],\"inLanguage\":\"en-CA\"},{\"@type\":\"Organization\",\"@id\":\"https:\/\/ridhacosmetiques.dev.roussiale.com\/en\/#organization\",\"name\":\"Ridha Cosm\u00e9tiques\",\"url\":\"https:\/\/ridhacosmetiques.dev.roussiale.com\/en\/\",\"logo\":{\"@type\":\"ImageObject\",\"inLanguage\":\"en-CA\",\"@id\":\"https:\/\/ridhacosmetiques.dev.roussiale.com\/en\/#\/schema\/logo\/image\/\",\"url\":\"https:\/\/ridhacosmetiques.dev.roussiale.com\/wp-content\/uploads\/2020\/05\/ridha-logo.png\",\"contentUrl\":\"https:\/\/ridhacosmetiques.dev.roussiale.com\/wp-content\/uploads\/2020\/05\/ridha-logo.png\",\"width\":211,\"height\":55,\"caption\":\"Ridha Cosm\u00e9tiques\"},\"image\":{\"@id\":\"https:\/\/ridhacosmetiques.dev.roussiale.com\/en\/#\/schema\/logo\/image\/\"}}]}<\/script>\n<!-- \/ Yoast SEO plugin. -->","yoast_head_json":{"title":"D\u00c9SODORISANTE - DEODORANT POWDER - Ridha Cosm\u00e9tiques","robots":{"index":"index","follow":"follow","max-snippet":"max-snippet:-1","max-image-preview":"max-image-preview:large","max-video-preview":"max-video-preview:-1"},"canonical":"https:\/\/ridhacosmetiques.dev.roussiale.com\/en\/product\/desodorisante-poudre\/","og_locale":"en_US","og_type":"article","og_title":"D\u00c9SODORISANTE - DEODORANT POWDER - Ridha Cosm\u00e9tiques","og_description":"Composed of ultra-fine powders and natural salts, the D\u00c9SODORISANTE - Deodorant Powder durably absorbs the humidity of the feet. Enriched with peppermint and pine extracts, it fights perspiration and eliminates odors.","og_url":"https:\/\/ridhacosmetiques.dev.roussiale.com\/en\/product\/desodorisante-poudre\/","og_site_name":"Ridha Cosm\u00e9tiques","article_modified_time":"2024-11-11T20:54:09+00:00","og_image":[{"width":1920,"height":1920,"url":"https:\/\/ridhacosmetiques.dev.roussiale.com\/wp-content\/uploads\/2023\/03\/M-100g-Bottle-Desodorisante-Powder-High.jpg","type":"image\/jpeg"}],"twitter_card":"summary_large_image","twitter_misc":{"Est. reading time":"1 minute"},"schema":{"@context":"https:\/\/schema.org","@graph":[{"@type":"WebPage","@id":"https:\/\/ridhacosmetiques.dev.roussiale.com\/en\/product\/desodorisante-poudre\/","url":"https:\/\/ridhacosmetiques.dev.roussiale.com\/en\/product\/desodorisante-poudre\/","name":"D\u00c9SODORISANTE - DEODORANT POWDER - Ridha Cosm\u00e9tiques","isPartOf":{"@id":"https:\/\/ridhacosmetiques.dev.roussiale.com\/en\/#website"},"primaryImageOfPage":{"@id":"https:\/\/ridhacosmetiques.dev.roussiale.com\/en\/product\/desodorisante-poudre\/#primaryimage"},"image":{"@id":"https:\/\/ridhacosmetiques.dev.roussiale.com\/en\/product\/desodorisante-poudre\/#primaryimage"},"thumbnailUrl":"https:\/\/ridhacosmetiques.dev.roussiale.com\/wp-content\/uploads\/2023\/03\/M-100g-Bottle-Desodorisante-Powder-High.jpg","datePublished":"2023-04-13T18:08:27+00:00","dateModified":"2024-11-11T20:54:09+00:00","breadcrumb":{"@id":"https:\/\/ridhacosmetiques.dev.roussiale.com\/en\/product\/desodorisante-poudre\/#breadcrumb"},"inLanguage":"en-CA","potentialAction":[{"@type":"ReadAction","target":["https:\/\/ridhacosmetiques.dev.roussiale.com\/en\/product\/desodorisante-poudre\/"]}]},{"@type":"ImageObject","inLanguage":"en-CA","@id":"https:\/\/ridhacosmetiques.dev.roussiale.com\/en\/product\/desodorisante-poudre\/#primaryimage","url":"https:\/\/ridhacosmetiques.dev.roussiale.com\/wp-content\/uploads\/2023\/03\/M-100g-Bottle-Desodorisante-Powder-High.jpg","contentUrl":"https:\/\/ridhacosmetiques.dev.roussiale.com\/wp-content\/uploads\/2023\/03\/M-100g-Bottle-Desodorisante-Powder-High.jpg","width":1920,"height":1920},{"@type":"BreadcrumbList","@id":"https:\/\/ridhacosmetiques.dev.roussiale.com\/en\/product\/desodorisante-poudre\/#breadcrumb","itemListElement":[{"@type":"ListItem","position":1,"name":"Ridha Cosm\u00e9tiques","item":"https:\/\/ridhacosmetiques.dev.roussiale.com\/en\/"},{"@type":"ListItem","position":2,"name":"Pro shop","item":"https:\/\/ridhacosmetiques.dev.roussiale.com\/en\/pro-shop\/"},{"@type":"ListItem","position":3,"name":"Pedicure and manucure","item":"https:\/\/ridhacosmetiques.dev.roussiale.com\/en\/products\/pedicure-manucure\/"},{"@type":"ListItem","position":4,"name":"D\u00c9SODORISANTE &#8211; DEODORANT POWDER"}]},{"@type":"WebSite","@id":"https:\/\/ridhacosmetiques.dev.roussiale.com\/en\/#website","url":"https:\/\/ridhacosmetiques.dev.roussiale.com\/en\/","name":"Ridha Cosm\u00e9tiques","description":"","publisher":{"@id":"https:\/\/ridhacosmetiques.dev.roussiale.com\/en\/#organization"},"potentialAction":[{"@type":"SearchAction","target":{"@type":"EntryPoint","urlTemplate":"https:\/\/ridhacosmetiques.dev.roussiale.com\/en\/?s={search_term_string}"},"query-input":{"@type":"PropertyValueSpecification","valueRequired":true,"valueName":"search_term_string"}}],"inLanguage":"en-CA"},{"@type":"Organization","@id":"https:\/\/ridhacosmetiques.dev.roussiale.com\/en\/#organization","name":"Ridha Cosm\u00e9tiques","url":"https:\/\/ridhacosmetiques.dev.roussiale.com\/en\/","logo":{"@type":"ImageObject","inLanguage":"en-CA","@id":"https:\/\/ridhacosmetiques.dev.roussiale.com\/en\/#\/schema\/logo\/image\/","url":"https:\/\/ridhacosmetiques.dev.roussiale.com\/wp-content\/uploads\/2020\/05\/ridha-logo.png","contentUrl":"https:\/\/ridhacosmetiques.dev.roussiale.com\/wp-content\/uploads\/2020\/05\/ridha-logo.png","width":211,"height":55,"caption":"Ridha Cosm\u00e9tiques"},"image":{"@id":"https:\/\/ridhacosmetiques.dev.roussiale.com\/en\/#\/schema\/logo\/image\/"}}]}},"_links":{"self":[{"href":"https:\/\/ridhacosmetiques.dev.roussiale.com\/en\/wp-json\/wp\/v2\/product\/5192","targetHints":{"allow":["GET"]}}],"collection":[{"href":"https:\/\/ridhacosmetiques.dev.roussiale.com\/en\/wp-json\/wp\/v2\/product"}],"about":[{"href":"https:\/\/ridhacosmetiques.dev.roussiale.com\/en\/wp-json\/wp\/v2\/types\/product"}],"replies":[{"embeddable":true,"href":"https:\/\/ridhacosmetiques.dev.roussiale.com\/en\/wp-json\/wp\/v2\/comments?post=5192"}],"wp:featuredmedia":[{"embeddable":true,"href":"https:\/\/ridhacosmetiques.dev.roussiale.com\/en\/wp-json\/wp\/v2\/media\/4959"}],"wp:attachment":[{"href":"https:\/\/ridhacosmetiques.dev.roussiale.com\/en\/wp-json\/wp\/v2\/media?parent=5192"}],"wp:term":[{"taxonomy":"product_brand","embeddable":true,"href":"https:\/\/ridhacosmetiques.dev.roussiale.com\/en\/wp-json\/wp\/v2\/product_brand?post=5192"},{"taxonomy":"product_cat","embeddable":true,"href":"https:\/\/ridhacosmetiques.dev.roussiale.com\/en\/wp-json\/wp\/v2\/product_cat?post=5192"},{"taxonomy":"product_tag","embeddable":true,"href":"https:\/\/ridhacosmetiques.dev.roussiale.com\/en\/wp-json\/wp\/v2\/product_tag?post=5192"}],"curies":[{"name":"wp","href":"https:\/\/api.w.org\/{rel}","templated":true}]}}