{"id":6501,"date":"2023-07-06T14:42:22","date_gmt":"2023-07-06T18:42:22","guid":{"rendered":"https:\/\/ridha.wpenginepowered.com\/produit\/clarifiante-creme\/"},"modified":"2025-11-01T00:00:19","modified_gmt":"2025-11-01T04:00:19","slug":"clarifiante-creme","status":"publish","type":"product","link":"https:\/\/ridhacosmetiques.dev.roussiale.com\/en\/product\/clarifiante-creme\/","title":{"rendered":"CLARIFIANTE &#8211; CREAM"},"content":{"rendered":"<p>Non-greasy gel cream with a phyto-clarifying complex that normalizes sebaceous secretions. Light and mattifying, it tightens dilated pores, prevents the formation of blackheads, and promotes skin healing. Contains AHAs and vitamins that even out skin tone and minimize the formation of papules and pustules without dehydrating the skin.<\/p>\n","protected":false},"excerpt":{"rendered":"<p>Cr\u00e8me g\u00e9lifi\u00e9e non-grasse au complexe phyto-clarifiant qui normalise les s\u00e9cr\u00e9tions s\u00e9bac\u00e9es. L\u00e9g\u00e8re et matifiante, elle resserre les pores dilat\u00e9s, pr\u00e9vient la formation de com\u00e9dons et favorise la cicatrisation de la peau. Contient des AHA et des vitamines qui uniformisent le teint et minimisent la formation de papules et de pustules sans d\u00e9shydrater la peau.<\/p>\n","protected":false},"featured_media":4943,"comment_status":"open","ping_status":"closed","template":"","meta":{"_acf_changed":false},"product_brand":[],"product_cat":[66],"product_tag":[],"class_list":{"0":"post-6501","1":"product","2":"type-product","3":"status-publish","4":"has-post-thumbnail","6":"product_cat-face","7":"pa_format-50-ml-1-69-fl-oz-en","8":"pa_format-250-ml-8-45-fl-oz-en","9":"pa_types-de-peaux-oily-acne-prone","10":"pa_types-de-produits-moisturizers","12":"first","13":"instock","14":"taxable","15":"shipping-taxable","16":"purchasable","17":"product-type-variable","18":"has-default-attributes"},"acf":[],"yoast_head":"<!-- This site is optimized with the Yoast SEO plugin v26.6 - https:\/\/yoast.com\/wordpress\/plugins\/seo\/ -->\n<title>CLARIFIANTE - CREAM - Ridha Cosm\u00e9tiques<\/title>\n<meta name=\"robots\" content=\"index, follow, max-snippet:-1, max-image-preview:large, max-video-preview:-1\" \/>\n<link rel=\"canonical\" href=\"https:\/\/ridhacosmetiques.dev.roussiale.com\/en\/product\/clarifiante-creme\/\" \/>\n<meta property=\"og:locale\" content=\"en_US\" \/>\n<meta property=\"og:type\" content=\"article\" \/>\n<meta property=\"og:title\" content=\"CLARIFIANTE - CREAM - Ridha Cosm\u00e9tiques\" \/>\n<meta property=\"og:description\" content=\"Cr\u00e8me g\u00e9lifi\u00e9e non-grasse au complexe phyto-clarifiant qui normalise les s\u00e9cr\u00e9tions s\u00e9bac\u00e9es. L\u00e9g\u00e8re et matifiante, elle resserre les pores dilat\u00e9s, pr\u00e9vient la formation de com\u00e9dons et favorise la cicatrisation de la peau. Contient des AHA et des vitamines qui uniformisent le teint et minimisent la formation de papules et de pustules sans d\u00e9shydrater la peau.\" \/>\n<meta property=\"og:url\" content=\"https:\/\/ridhacosmetiques.dev.roussiale.com\/en\/product\/clarifiante-creme\/\" \/>\n<meta property=\"og:site_name\" content=\"Ridha Cosm\u00e9tiques\" \/>\n<meta property=\"article:modified_time\" content=\"2025-11-01T04:00:19+00:00\" \/>\n<meta property=\"og:image\" content=\"https:\/\/ridhacosmetiques.dev.roussiale.com\/wp-content\/uploads\/2023\/03\/K-50ml-Jar-Clarifiante-Cream-High.jpg\" \/>\n\t<meta property=\"og:image:width\" content=\"1920\" \/>\n\t<meta property=\"og:image:height\" content=\"1920\" \/>\n\t<meta property=\"og:image:type\" content=\"image\/jpeg\" \/>\n<meta name=\"twitter:card\" content=\"summary_large_image\" \/>\n<meta name=\"twitter:label1\" content=\"Est. reading time\" \/>\n\t<meta name=\"twitter:data1\" content=\"1 minute\" \/>\n<script type=\"application\/ld+json\" class=\"yoast-schema-graph\">{\"@context\":\"https:\/\/schema.org\",\"@graph\":[{\"@type\":\"WebPage\",\"@id\":\"https:\/\/ridhacosmetiques.dev.roussiale.com\/en\/product\/clarifiante-creme\/\",\"url\":\"https:\/\/ridhacosmetiques.dev.roussiale.com\/en\/product\/clarifiante-creme\/\",\"name\":\"CLARIFIANTE - CREAM - Ridha Cosm\u00e9tiques\",\"isPartOf\":{\"@id\":\"https:\/\/ridhacosmetiques.dev.roussiale.com\/en\/#website\"},\"primaryImageOfPage\":{\"@id\":\"https:\/\/ridhacosmetiques.dev.roussiale.com\/en\/product\/clarifiante-creme\/#primaryimage\"},\"image\":{\"@id\":\"https:\/\/ridhacosmetiques.dev.roussiale.com\/en\/product\/clarifiante-creme\/#primaryimage\"},\"thumbnailUrl\":\"https:\/\/ridhacosmetiques.dev.roussiale.com\/wp-content\/uploads\/2023\/03\/K-50ml-Jar-Clarifiante-Cream-High.jpg\",\"datePublished\":\"2023-07-06T18:42:22+00:00\",\"dateModified\":\"2025-11-01T04:00:19+00:00\",\"breadcrumb\":{\"@id\":\"https:\/\/ridhacosmetiques.dev.roussiale.com\/en\/product\/clarifiante-creme\/#breadcrumb\"},\"inLanguage\":\"en-CA\",\"potentialAction\":[{\"@type\":\"ReadAction\",\"target\":[\"https:\/\/ridhacosmetiques.dev.roussiale.com\/en\/product\/clarifiante-creme\/\"]}]},{\"@type\":\"ImageObject\",\"inLanguage\":\"en-CA\",\"@id\":\"https:\/\/ridhacosmetiques.dev.roussiale.com\/en\/product\/clarifiante-creme\/#primaryimage\",\"url\":\"https:\/\/ridhacosmetiques.dev.roussiale.com\/wp-content\/uploads\/2023\/03\/K-50ml-Jar-Clarifiante-Cream-High.jpg\",\"contentUrl\":\"https:\/\/ridhacosmetiques.dev.roussiale.com\/wp-content\/uploads\/2023\/03\/K-50ml-Jar-Clarifiante-Cream-High.jpg\",\"width\":1920,\"height\":1920},{\"@type\":\"BreadcrumbList\",\"@id\":\"https:\/\/ridhacosmetiques.dev.roussiale.com\/en\/product\/clarifiante-creme\/#breadcrumb\",\"itemListElement\":[{\"@type\":\"ListItem\",\"position\":1,\"name\":\"Ridha Cosm\u00e9tiques\",\"item\":\"https:\/\/ridhacosmetiques.dev.roussiale.com\/en\/\"},{\"@type\":\"ListItem\",\"position\":2,\"name\":\"Pro shop\",\"item\":\"https:\/\/ridhacosmetiques.dev.roussiale.com\/en\/pro-shop\/\"},{\"@type\":\"ListItem\",\"position\":3,\"name\":\"Face\",\"item\":\"https:\/\/ridhacosmetiques.dev.roussiale.com\/en\/products\/face\/\"},{\"@type\":\"ListItem\",\"position\":4,\"name\":\"CLARIFIANTE &#8211; CREAM\"}]},{\"@type\":\"WebSite\",\"@id\":\"https:\/\/ridhacosmetiques.dev.roussiale.com\/en\/#website\",\"url\":\"https:\/\/ridhacosmetiques.dev.roussiale.com\/en\/\",\"name\":\"Ridha Cosm\u00e9tiques\",\"description\":\"\",\"publisher\":{\"@id\":\"https:\/\/ridhacosmetiques.dev.roussiale.com\/en\/#organization\"},\"potentialAction\":[{\"@type\":\"SearchAction\",\"target\":{\"@type\":\"EntryPoint\",\"urlTemplate\":\"https:\/\/ridhacosmetiques.dev.roussiale.com\/en\/?s={search_term_string}\"},\"query-input\":{\"@type\":\"PropertyValueSpecification\",\"valueRequired\":true,\"valueName\":\"search_term_string\"}}],\"inLanguage\":\"en-CA\"},{\"@type\":\"Organization\",\"@id\":\"https:\/\/ridhacosmetiques.dev.roussiale.com\/en\/#organization\",\"name\":\"Ridha Cosm\u00e9tiques\",\"url\":\"https:\/\/ridhacosmetiques.dev.roussiale.com\/en\/\",\"logo\":{\"@type\":\"ImageObject\",\"inLanguage\":\"en-CA\",\"@id\":\"https:\/\/ridhacosmetiques.dev.roussiale.com\/en\/#\/schema\/logo\/image\/\",\"url\":\"https:\/\/ridhacosmetiques.dev.roussiale.com\/wp-content\/uploads\/2020\/05\/ridha-logo.png\",\"contentUrl\":\"https:\/\/ridhacosmetiques.dev.roussiale.com\/wp-content\/uploads\/2020\/05\/ridha-logo.png\",\"width\":211,\"height\":55,\"caption\":\"Ridha Cosm\u00e9tiques\"},\"image\":{\"@id\":\"https:\/\/ridhacosmetiques.dev.roussiale.com\/en\/#\/schema\/logo\/image\/\"}}]}<\/script>\n<!-- \/ Yoast SEO plugin. -->","yoast_head_json":{"title":"CLARIFIANTE - CREAM - Ridha Cosm\u00e9tiques","robots":{"index":"index","follow":"follow","max-snippet":"max-snippet:-1","max-image-preview":"max-image-preview:large","max-video-preview":"max-video-preview:-1"},"canonical":"https:\/\/ridhacosmetiques.dev.roussiale.com\/en\/product\/clarifiante-creme\/","og_locale":"en_US","og_type":"article","og_title":"CLARIFIANTE - CREAM - Ridha Cosm\u00e9tiques","og_description":"Cr\u00e8me g\u00e9lifi\u00e9e non-grasse au complexe phyto-clarifiant qui normalise les s\u00e9cr\u00e9tions s\u00e9bac\u00e9es. L\u00e9g\u00e8re et matifiante, elle resserre les pores dilat\u00e9s, pr\u00e9vient la formation de com\u00e9dons et favorise la cicatrisation de la peau. Contient des AHA et des vitamines qui uniformisent le teint et minimisent la formation de papules et de pustules sans d\u00e9shydrater la peau.","og_url":"https:\/\/ridhacosmetiques.dev.roussiale.com\/en\/product\/clarifiante-creme\/","og_site_name":"Ridha Cosm\u00e9tiques","article_modified_time":"2025-11-01T04:00:19+00:00","og_image":[{"width":1920,"height":1920,"url":"https:\/\/ridhacosmetiques.dev.roussiale.com\/wp-content\/uploads\/2023\/03\/K-50ml-Jar-Clarifiante-Cream-High.jpg","type":"image\/jpeg"}],"twitter_card":"summary_large_image","twitter_misc":{"Est. reading time":"1 minute"},"schema":{"@context":"https:\/\/schema.org","@graph":[{"@type":"WebPage","@id":"https:\/\/ridhacosmetiques.dev.roussiale.com\/en\/product\/clarifiante-creme\/","url":"https:\/\/ridhacosmetiques.dev.roussiale.com\/en\/product\/clarifiante-creme\/","name":"CLARIFIANTE - CREAM - Ridha Cosm\u00e9tiques","isPartOf":{"@id":"https:\/\/ridhacosmetiques.dev.roussiale.com\/en\/#website"},"primaryImageOfPage":{"@id":"https:\/\/ridhacosmetiques.dev.roussiale.com\/en\/product\/clarifiante-creme\/#primaryimage"},"image":{"@id":"https:\/\/ridhacosmetiques.dev.roussiale.com\/en\/product\/clarifiante-creme\/#primaryimage"},"thumbnailUrl":"https:\/\/ridhacosmetiques.dev.roussiale.com\/wp-content\/uploads\/2023\/03\/K-50ml-Jar-Clarifiante-Cream-High.jpg","datePublished":"2023-07-06T18:42:22+00:00","dateModified":"2025-11-01T04:00:19+00:00","breadcrumb":{"@id":"https:\/\/ridhacosmetiques.dev.roussiale.com\/en\/product\/clarifiante-creme\/#breadcrumb"},"inLanguage":"en-CA","potentialAction":[{"@type":"ReadAction","target":["https:\/\/ridhacosmetiques.dev.roussiale.com\/en\/product\/clarifiante-creme\/"]}]},{"@type":"ImageObject","inLanguage":"en-CA","@id":"https:\/\/ridhacosmetiques.dev.roussiale.com\/en\/product\/clarifiante-creme\/#primaryimage","url":"https:\/\/ridhacosmetiques.dev.roussiale.com\/wp-content\/uploads\/2023\/03\/K-50ml-Jar-Clarifiante-Cream-High.jpg","contentUrl":"https:\/\/ridhacosmetiques.dev.roussiale.com\/wp-content\/uploads\/2023\/03\/K-50ml-Jar-Clarifiante-Cream-High.jpg","width":1920,"height":1920},{"@type":"BreadcrumbList","@id":"https:\/\/ridhacosmetiques.dev.roussiale.com\/en\/product\/clarifiante-creme\/#breadcrumb","itemListElement":[{"@type":"ListItem","position":1,"name":"Ridha Cosm\u00e9tiques","item":"https:\/\/ridhacosmetiques.dev.roussiale.com\/en\/"},{"@type":"ListItem","position":2,"name":"Pro shop","item":"https:\/\/ridhacosmetiques.dev.roussiale.com\/en\/pro-shop\/"},{"@type":"ListItem","position":3,"name":"Face","item":"https:\/\/ridhacosmetiques.dev.roussiale.com\/en\/products\/face\/"},{"@type":"ListItem","position":4,"name":"CLARIFIANTE &#8211; CREAM"}]},{"@type":"WebSite","@id":"https:\/\/ridhacosmetiques.dev.roussiale.com\/en\/#website","url":"https:\/\/ridhacosmetiques.dev.roussiale.com\/en\/","name":"Ridha Cosm\u00e9tiques","description":"","publisher":{"@id":"https:\/\/ridhacosmetiques.dev.roussiale.com\/en\/#organization"},"potentialAction":[{"@type":"SearchAction","target":{"@type":"EntryPoint","urlTemplate":"https:\/\/ridhacosmetiques.dev.roussiale.com\/en\/?s={search_term_string}"},"query-input":{"@type":"PropertyValueSpecification","valueRequired":true,"valueName":"search_term_string"}}],"inLanguage":"en-CA"},{"@type":"Organization","@id":"https:\/\/ridhacosmetiques.dev.roussiale.com\/en\/#organization","name":"Ridha Cosm\u00e9tiques","url":"https:\/\/ridhacosmetiques.dev.roussiale.com\/en\/","logo":{"@type":"ImageObject","inLanguage":"en-CA","@id":"https:\/\/ridhacosmetiques.dev.roussiale.com\/en\/#\/schema\/logo\/image\/","url":"https:\/\/ridhacosmetiques.dev.roussiale.com\/wp-content\/uploads\/2020\/05\/ridha-logo.png","contentUrl":"https:\/\/ridhacosmetiques.dev.roussiale.com\/wp-content\/uploads\/2020\/05\/ridha-logo.png","width":211,"height":55,"caption":"Ridha Cosm\u00e9tiques"},"image":{"@id":"https:\/\/ridhacosmetiques.dev.roussiale.com\/en\/#\/schema\/logo\/image\/"}}]}},"_links":{"self":[{"href":"https:\/\/ridhacosmetiques.dev.roussiale.com\/en\/wp-json\/wp\/v2\/product\/6501","targetHints":{"allow":["GET"]}}],"collection":[{"href":"https:\/\/ridhacosmetiques.dev.roussiale.com\/en\/wp-json\/wp\/v2\/product"}],"about":[{"href":"https:\/\/ridhacosmetiques.dev.roussiale.com\/en\/wp-json\/wp\/v2\/types\/product"}],"replies":[{"embeddable":true,"href":"https:\/\/ridhacosmetiques.dev.roussiale.com\/en\/wp-json\/wp\/v2\/comments?post=6501"}],"wp:featuredmedia":[{"embeddable":true,"href":"https:\/\/ridhacosmetiques.dev.roussiale.com\/en\/wp-json\/wp\/v2\/media\/4943"}],"wp:attachment":[{"href":"https:\/\/ridhacosmetiques.dev.roussiale.com\/en\/wp-json\/wp\/v2\/media?parent=6501"}],"wp:term":[{"taxonomy":"product_brand","embeddable":true,"href":"https:\/\/ridhacosmetiques.dev.roussiale.com\/en\/wp-json\/wp\/v2\/product_brand?post=6501"},{"taxonomy":"product_cat","embeddable":true,"href":"https:\/\/ridhacosmetiques.dev.roussiale.com\/en\/wp-json\/wp\/v2\/product_cat?post=6501"},{"taxonomy":"product_tag","embeddable":true,"href":"https:\/\/ridhacosmetiques.dev.roussiale.com\/en\/wp-json\/wp\/v2\/product_tag?post=6501"}],"curies":[{"name":"wp","href":"https:\/\/api.w.org\/{rel}","templated":true}]}}